{"id":32915,"date":"2026-04-18T16:19:16","date_gmt":"2026-04-18T16:19:16","guid":{"rendered":"https:\/\/evroliving.com\/krijo-nje-kerkese\/"},"modified":"2026-05-05T19:42:10","modified_gmt":"2026-05-05T19:42:10","slug":"krijo-nje-kerkese","status":"publish","type":"page","link":"https:\/\/evroliving.com\/sq\/krijo-nje-kerkese\/","title":{"rendered":"Krijo nj\u00eb k\u00ebrkes\u00eb"},"content":{"rendered":"\t\t<div data-elementor-type=\"wp-page\" data-elementor-id=\"32915\" class=\"elementor elementor-32915 elementor-32683\">\n\t\t\t\t<div class=\"elementor-element elementor-element-e072d75 e-flex e-con-boxed e-con e-parent\" data-id=\"e072d75\" data-element_type=\"container\" data-e-type=\"container\">\n\t\t\t\t\t<div class=\"e-con-inner\">\n\t\t\t\t<div class=\"elementor-element elementor-element-2eb87a1 elementor-widget elementor-widget-shortcode\" data-id=\"2eb87a1\" data-element_type=\"widget\" data-e-type=\"widget\" data-widget_type=\"shortcode.default\">\n\t\t\t\t\t\t\t<div class=\"elementor-shortcode\">\n<div class=\"wpcf7 no-js\" id=\"wpcf7-f32925-o1\" lang=\"sq\" dir=\"ltr\" data-wpcf7-id=\"32925\">\n<div class=\"screen-reader-response\"><p role=\"status\" aria-live=\"polite\" aria-atomic=\"true\"><\/p> <ul><\/ul><\/div>\n<form action=\"\/sq\/wp-json\/wp\/v2\/pages\/32915#wpcf7-f32925-o1\" method=\"post\" class=\"wpcf7-form init\" aria-label=\"Formular kontaktesh\" novalidate=\"novalidate\" data-status=\"init\">\n<fieldset class=\"hidden-fields-container\"><input type=\"hidden\" name=\"_wpcf7\" value=\"32925\" \/><input type=\"hidden\" name=\"_wpcf7_version\" value=\"6.1.5\" \/><input type=\"hidden\" name=\"_wpcf7_locale\" value=\"sq\" \/><input type=\"hidden\" name=\"_wpcf7_unit_tag\" value=\"wpcf7-f32925-o1\" \/><input type=\"hidden\" name=\"_wpcf7_container_post\" value=\"0\" \/><input type=\"hidden\" name=\"_wpcf7_posted_data_hash\" value=\"\" \/>\n<\/fieldset>\n<div class=\"pro-request-page\">\n\t<div class=\"pro-request-card\">\n\t\t<h2 class=\"pro-request-title\">Krijo k\u00ebrkes\u00ebn t\u00ebnde\n\t\t<\/h2>\n\t\t<p class=\"pro-request-intro\"><br \/>\nD\u00ebrgo detajet e k\u00ebrkes\u00ebs sate dhe ne do t\u00eb sigurohemi q\u00eb t\u00eb gjesh pron\u00ebn ideale q\u00eb i p\u00ebrshtatet nevojave dhe buxhetit t\u00ebnd.\n\t\t<\/p>\n\t\t<div class=\"pro-grid pro-grid-2\">\n\t\t\t<div class=\"pro-field\">\n\t\t\t\t<p><label>Emri<\/label><br \/>\n<span class=\"wpcf7-form-control-wrap\" data-name=\"first-name\"><input size=\"40\" maxlength=\"400\" class=\"wpcf7-form-control wpcf7-text wpcf7-validates-as-required\" aria-required=\"true\" aria-invalid=\"false\" placeholder=\"Emri\" value=\"\" type=\"text\" name=\"first-name\" \/><\/span>\n\t\t\t\t<\/p>\n\t\t\t<\/div>\n\t\t\t<div class=\"pro-field\">\n\t\t\t\t<p><label>Mbiemri<\/label><br \/>\n<span class=\"wpcf7-form-control-wrap\" data-name=\"last-name\"><input size=\"40\" maxlength=\"400\" class=\"wpcf7-form-control wpcf7-text wpcf7-validates-as-required\" aria-required=\"true\" aria-invalid=\"false\" placeholder=\"Mbiemri\" value=\"\" type=\"text\" name=\"last-name\" \/><\/span>\n\t\t\t\t<\/p>\n\t\t\t<\/div>\n\t\t<\/div>\n\t\t<div class=\"pro-grid pro-grid-2\">\n\t\t\t<div class=\"pro-field\">\n\t\t\t\t<p><label>Telefoni<\/label><br \/>\n<span class=\"wpcf7-form-control-wrap\" data-name=\"phone\"><input size=\"40\" maxlength=\"400\" class=\"wpcf7-form-control wpcf7-tel wpcf7-validates-as-required wpcf7-text wpcf7-validates-as-tel\" aria-required=\"true\" aria-invalid=\"false\" placeholder=\"Telefoni\" value=\"\" type=\"tel\" name=\"phone\" \/><\/span>\n\t\t\t\t<\/p>\n\t\t\t<\/div>\n\t\t\t<div class=\"pro-field\">\n\t\t\t\t<p><label>Lloji<\/label><br \/>\n<span class=\"wpcf7-form-control-wrap\" data-name=\"request-type\"><select class=\"wpcf7-form-control wpcf7-select wpcf7-validates-as-required\" aria-required=\"true\" aria-invalid=\"false\" name=\"request-type\"><option value=\"\">Zgjidh llojin<\/option><option value=\"Blerje\">Blerje<\/option><option value=\"Qira\">Qira<\/option><\/select><\/span>\n\t\t\t\t<\/p>\n\t\t\t<\/div>\n\t\t<\/div>\n\t\t<div class=\"pro-grid pro-grid-2\">\n\t\t\t<div class=\"pro-field\">\n\t\t\t\t<p><label>Kategoria<\/label><br \/>\n<span class=\"wpcf7-form-control-wrap\" data-name=\"category\"><select class=\"wpcf7-form-control wpcf7-select wpcf7-validates-as-required\" aria-required=\"true\" aria-invalid=\"false\" name=\"category\"><option value=\"\">Zgjidh kategorin\u00eb<\/option><option value=\"Sht\u00ebpi\">Sht\u00ebpi<\/option><option value=\"Apartament\">Apartament<\/option><option value=\"Zyr\u00eb\">Zyr\u00eb<\/option><option value=\"Komerciale\">Komerciale<\/option><option value=\"Tok\u00eb\">Tok\u00eb<\/option><option value=\"Magazin\u00eb\">Magazin\u00eb<\/option><\/select><\/span>\n\t\t\t\t<\/p>\n\t\t\t<\/div>\n\t\t\t<div class=\"pro-field\">\n\t\t\t\t<p><label>Vendndodhja<\/label><br \/>\n<span class=\"wpcf7-form-control-wrap\" data-name=\"location\"><input size=\"40\" maxlength=\"400\" class=\"wpcf7-form-control wpcf7-text wpcf7-validates-as-required\" aria-required=\"true\" aria-invalid=\"false\" placeholder=\"Zgjidh vendndodhjen\" value=\"\" type=\"text\" name=\"location\" \/><\/span>\n\t\t\t\t<\/p>\n\t\t\t<\/div>\n\t\t<\/div>\n\t\t<div class=\"pro-grid pro-grid-2\">\n\t\t\t<div class=\"pro-field\">\n\t\t\t\t<p><label>Buxheti<\/label>\n\t\t\t\t<\/p>\n\t\t\t\t<div class=\"pro-inline-2\">\n\t\t\t\t\t<p><span class=\"wpcf7-form-control-wrap\" data-name=\"budget-min\"><input class=\"wpcf7-form-control wpcf7-number wpcf7-validates-as-number\" min=\"0\" aria-invalid=\"false\" placeholder=\"Min\" value=\"\" type=\"number\" name=\"budget-min\" \/><\/span><br \/>\n<span class=\"wpcf7-form-control-wrap\" data-name=\"budget-max\"><input class=\"wpcf7-form-control wpcf7-number wpcf7-validates-as-number\" min=\"0\" aria-invalid=\"false\" placeholder=\"Maks\" value=\"\" type=\"number\" name=\"budget-max\" \/><\/span>\n\t\t\t\t\t<\/p>\n\t\t\t\t<\/div>\n\t\t\t<\/div>\n\t\t\t<div class=\"pro-field\">\n\t\t\t\t<p><label>Sip\u00ebrfaqja<\/label>\n\t\t\t\t<\/p>\n\t\t\t\t<div class=\"pro-inline-2 pro-surface\">\n\t\t\t\t\t<p><span class=\"wpcf7-form-control-wrap\" data-name=\"surface-min\"><input class=\"wpcf7-form-control wpcf7-number wpcf7-validates-as-number\" min=\"0\" aria-invalid=\"false\" placeholder=\"Min\" value=\"\" type=\"number\" name=\"surface-min\" \/><\/span><br \/>\n<span class=\"wpcf7-form-control-wrap\" data-name=\"surface-max\"><input class=\"wpcf7-form-control wpcf7-number wpcf7-validates-as-number\" min=\"0\" aria-invalid=\"false\" placeholder=\"Maks\" value=\"\" type=\"number\" name=\"surface-max\" \/><\/span>\n\t\t\t\t\t<\/p>\n\t\t\t\t<\/div>\n\t\t\t\t<p><small class=\"pro-unit\">m\u00b2<\/small>\n\t\t\t\t<\/p>\n\t\t\t<\/div>\n\t\t<\/div>\n\t\t<div class=\"pro-field\">\n\t\t\t<p><label>M\u00eb shum\u00eb detaje<\/label><br \/>\n<span class=\"wpcf7-form-control-wrap\" data-name=\"more-details\"><textarea cols=\"40\" rows=\"10\" maxlength=\"2000\" class=\"wpcf7-form-control wpcf7-textarea\" aria-invalid=\"false\" placeholder=\"Na trego m\u00eb shum\u00eb rreth pron\u00ebs q\u00eb po k\u00ebrkon...\" name=\"more-details\"><\/textarea><\/span>\n\t\t\t<\/p>\n\t\t<\/div>\n\t\t<div class=\"pro-submit-wrap\">\n\t\t\t<p><input class=\"wpcf7-form-control wpcf7-submit has-spinner\" type=\"submit\" value=\"D\u00ebrgo\" \/>\n\t\t\t<\/p>\n\t\t<\/div>\n\t<\/div>\n\t<div class=\"pro-request-info\">\n\t\t<h3>\u00c7far\u00eb ndodh pas d\u00ebrgimit t\u00eb k\u00ebrkes\u00ebs?\n\t\t<\/h3>\n\t\t<p><br \/>\nPasi t\u00eb d\u00ebrgosh k\u00ebrkes\u00ebn t\u00ebnde, ekipi yn\u00eb do t\u00eb shqyrtoj\u00eb t\u00eb dh\u00ebnat dhe do t\u00eb filloj\u00eb k\u00ebrkimin p\u00ebr prona q\u00eb p\u00ebrputhen me k\u00ebrkesat e tua.<br \/>\nTi do t\u00eb marr\u00ebsh nj\u00eb list\u00eb me oferta t\u00eb p\u00ebrshtatshme p\u00ebr ty, ku mund t\u00eb zgjedh\u00ebsh opsionin q\u00eb t\u00eb p\u00eblqen m\u00eb shum\u00eb.\n\t\t<\/p>\n\t\t<p><br \/>\nKur zgjedh nj\u00eb kompani imobiliare, \u00ebsht\u00eb e r\u00ebnd\u00ebsishme t\u00eb kesh nj\u00eb ekip profesional n\u00eb an\u00ebn t\u00ebnde.<br \/>\nNe ofrojm\u00eb mb\u00ebshtetje t\u00eb plot\u00eb n\u00eb \u00e7do hap\u2014n\u00ebse po shet, blen apo jep me qira pron\u00ebn t\u00ebnde\u2014dhe trajtojm\u00eb gjith\u00e7ka me kujdes dhe profesionaliz\u00ebm.\n\t\t<\/p>\n\t<\/div>\n<\/div><p style=\"display: none !important;\" class=\"akismet-fields-container\" data-prefix=\"_wpcf7_ak_\"><label>&#916;<textarea name=\"_wpcf7_ak_hp_textarea\" cols=\"45\" rows=\"8\" maxlength=\"100\"><\/textarea><\/label><input type=\"hidden\" id=\"ak_js_1\" name=\"_wpcf7_ak_js\" value=\"4\"\/><script type=\"text\/javascript\">\n\/* <![CDATA[ *\/\ndocument.getElementById( \"ak_js_1\" ).setAttribute( \"value\", ( new Date() ).getTime() );\n\/* ]]> *\/\n<\/script>\n<\/p><div class=\"wpcf7-response-output\" aria-hidden=\"true\"><\/div>\n<\/form>\n<\/div>\n<\/div>\n\t\t\t\t\t\t<\/div>\n\t\t\t\t\t<\/div>\n\t\t\t\t<\/div>\n\t\t\t\t<\/div>\n\t\t","protected":false},"excerpt":{"rendered":"Krijo k\u00ebrkes\u00ebn t\u00ebnde D\u00ebrgo detajet e k\u00ebrkes\u00ebs sate dhe ne do t\u00eb sigurohemi q\u00eb t\u00eb gjesh pron\u00ebn ideale q\u00eb i p\u00ebrshtatet nevojave dhe buxhetit t\u00ebnd. Emri Mbiemri Telefoni Lloji Zgjidh llojinBlerjeQira Kategoria Zgjidh kategorin\u00ebSht\u00ebpiApartamentZyr\u00ebKomercialeTok\u00ebMagazin\u00eb Vendndodhja Buxheti Sip\u00ebrfaqja m\u00b2 M\u00eb shum\u00eb detaje \u00c7far\u00eb ndodh pas d\u00ebrgimit t\u00eb k\u00ebrkes\u00ebs? Pasi t\u00eb d\u00ebrgosh k\u00ebrkes\u00ebn t\u00ebnde, ekipi yn\u00eb do t\u00eb shqyrtoj\u00eb t\u00eb dh\u00ebnat dhe do t\u00eb filloj\u00eb k\u00ebrkimin ...","protected":false},"author":1,"featured_media":0,"parent":0,"menu_order":0,"comment_status":"closed","ping_status":"closed","template":"elementor_header_footer","meta":{"inline_featured_image":false,"_monsterinsights_skip_tracking":false,"_monsterinsights_sitenote_active":false,"_monsterinsights_sitenote_note":"","_monsterinsights_sitenote_category":0,"footnotes":""},"class_list":["post-32915","page","type-page","status-publish","hentry"],"yoast_head":"<!-- This site is optimized with the Yoast SEO plugin v27.3 - https:\/\/yoast.com\/product\/yoast-seo-wordpress\/ -->\n<title>Krijo nj\u00eb k\u00ebrkes\u00eb | Evroliving<\/title>\n<meta name=\"robots\" content=\"index, follow, max-snippet:-1, max-image-preview:large, max-video-preview:-1\" \/>\n<link rel=\"canonical\" href=\"https:\/\/evroliving.com\/sq\/krijo-nje-kerkese\/\" \/>\n<meta property=\"og:locale\" content=\"sq_AL\" \/>\n<meta property=\"og:type\" content=\"article\" \/>\n<meta property=\"og:title\" content=\"Krijo nj\u00eb k\u00ebrkes\u00eb | Evroliving\" \/>\n<meta property=\"og:url\" content=\"https:\/\/evroliving.com\/sq\/krijo-nje-kerkese\/\" \/>\n<meta property=\"og:site_name\" content=\"Evroliving\" \/>\n<meta property=\"article:modified_time\" content=\"2026-05-05T19:42:10+00:00\" \/>\n<meta name=\"twitter:card\" content=\"summary_large_image\" \/>\n<script type=\"application\/ld+json\" class=\"yoast-schema-graph\">{\"@context\":\"https:\\\/\\\/schema.org\",\"@graph\":[{\"@type\":\"WebPage\",\"@id\":\"https:\\\/\\\/evroliving.com\\\/sq\\\/krijo-nje-kerkese\\\/\",\"url\":\"https:\\\/\\\/evroliving.com\\\/sq\\\/krijo-nje-kerkese\\\/\",\"name\":\"Krijo nj\u00eb k\u00ebrkes\u00eb | Evroliving\",\"isPartOf\":{\"@id\":\"https:\\\/\\\/evroliving.com\\\/sq\\\/#website\"},\"datePublished\":\"2026-04-18T16:19:16+00:00\",\"dateModified\":\"2026-05-05T19:42:10+00:00\",\"breadcrumb\":{\"@id\":\"https:\\\/\\\/evroliving.com\\\/sq\\\/krijo-nje-kerkese\\\/#breadcrumb\"},\"inLanguage\":\"sq\",\"potentialAction\":[{\"@type\":\"ReadAction\",\"target\":[\"https:\\\/\\\/evroliving.com\\\/sq\\\/krijo-nje-kerkese\\\/\"]}]},{\"@type\":\"BreadcrumbList\",\"@id\":\"https:\\\/\\\/evroliving.com\\\/sq\\\/krijo-nje-kerkese\\\/#breadcrumb\",\"itemListElement\":[{\"@type\":\"ListItem\",\"position\":1,\"name\":\"Home\",\"item\":\"https:\\\/\\\/evroliving.com\\\/sq\\\/faqja-kryesore\\\/\"},{\"@type\":\"ListItem\",\"position\":2,\"name\":\"Krijo nj\u00eb k\u00ebrkes\u00eb\"}]},{\"@type\":\"WebSite\",\"@id\":\"https:\\\/\\\/evroliving.com\\\/sq\\\/#website\",\"url\":\"https:\\\/\\\/evroliving.com\\\/sq\\\/\",\"name\":\"Evroliving\",\"description\":\"Real Estate\",\"publisher\":{\"@id\":\"https:\\\/\\\/evroliving.com\\\/sq\\\/#organization\"},\"alternateName\":\"Evroliving Real Estate\",\"potentialAction\":[{\"@type\":\"SearchAction\",\"target\":{\"@type\":\"EntryPoint\",\"urlTemplate\":\"https:\\\/\\\/evroliving.com\\\/sq\\\/?s={search_term_string}\"},\"query-input\":{\"@type\":\"PropertyValueSpecification\",\"valueRequired\":true,\"valueName\":\"search_term_string\"}}],\"inLanguage\":\"sq\"},{\"@type\":\"Organization\",\"@id\":\"https:\\\/\\\/evroliving.com\\\/sq\\\/#organization\",\"name\":\"Evroliving\",\"url\":\"https:\\\/\\\/evroliving.com\\\/sq\\\/\",\"logo\":{\"@type\":\"ImageObject\",\"inLanguage\":\"sq\",\"@id\":\"https:\\\/\\\/evroliving.com\\\/sq\\\/#\\\/schema\\\/logo\\\/image\\\/\",\"url\":\"https:\\\/\\\/evroliving.com\\\/wp-content\\\/uploads\\\/2026\\\/04\\\/favicon.svg\",\"contentUrl\":\"https:\\\/\\\/evroliving.com\\\/wp-content\\\/uploads\\\/2026\\\/04\\\/favicon.svg\",\"width\":110,\"height\":60,\"caption\":\"Evroliving\"},\"image\":{\"@id\":\"https:\\\/\\\/evroliving.com\\\/sq\\\/#\\\/schema\\\/logo\\\/image\\\/\"}}]}<\/script>\n<!-- \/ Yoast SEO plugin. -->","yoast_head_json":{"title":"Krijo nj\u00eb k\u00ebrkes\u00eb | Evroliving","robots":{"index":"index","follow":"follow","max-snippet":"max-snippet:-1","max-image-preview":"max-image-preview:large","max-video-preview":"max-video-preview:-1"},"canonical":"https:\/\/evroliving.com\/sq\/krijo-nje-kerkese\/","og_locale":"sq_AL","og_type":"article","og_title":"Krijo nj\u00eb k\u00ebrkes\u00eb | Evroliving","og_url":"https:\/\/evroliving.com\/sq\/krijo-nje-kerkese\/","og_site_name":"Evroliving","article_modified_time":"2026-05-05T19:42:10+00:00","twitter_card":"summary_large_image","schema":{"@context":"https:\/\/schema.org","@graph":[{"@type":"WebPage","@id":"https:\/\/evroliving.com\/sq\/krijo-nje-kerkese\/","url":"https:\/\/evroliving.com\/sq\/krijo-nje-kerkese\/","name":"Krijo nj\u00eb k\u00ebrkes\u00eb | Evroliving","isPartOf":{"@id":"https:\/\/evroliving.com\/sq\/#website"},"datePublished":"2026-04-18T16:19:16+00:00","dateModified":"2026-05-05T19:42:10+00:00","breadcrumb":{"@id":"https:\/\/evroliving.com\/sq\/krijo-nje-kerkese\/#breadcrumb"},"inLanguage":"sq","potentialAction":[{"@type":"ReadAction","target":["https:\/\/evroliving.com\/sq\/krijo-nje-kerkese\/"]}]},{"@type":"BreadcrumbList","@id":"https:\/\/evroliving.com\/sq\/krijo-nje-kerkese\/#breadcrumb","itemListElement":[{"@type":"ListItem","position":1,"name":"Home","item":"https:\/\/evroliving.com\/sq\/faqja-kryesore\/"},{"@type":"ListItem","position":2,"name":"Krijo nj\u00eb k\u00ebrkes\u00eb"}]},{"@type":"WebSite","@id":"https:\/\/evroliving.com\/sq\/#website","url":"https:\/\/evroliving.com\/sq\/","name":"Evroliving","description":"Real Estate","publisher":{"@id":"https:\/\/evroliving.com\/sq\/#organization"},"alternateName":"Evroliving Real Estate","potentialAction":[{"@type":"SearchAction","target":{"@type":"EntryPoint","urlTemplate":"https:\/\/evroliving.com\/sq\/?s={search_term_string}"},"query-input":{"@type":"PropertyValueSpecification","valueRequired":true,"valueName":"search_term_string"}}],"inLanguage":"sq"},{"@type":"Organization","@id":"https:\/\/evroliving.com\/sq\/#organization","name":"Evroliving","url":"https:\/\/evroliving.com\/sq\/","logo":{"@type":"ImageObject","inLanguage":"sq","@id":"https:\/\/evroliving.com\/sq\/#\/schema\/logo\/image\/","url":"https:\/\/evroliving.com\/wp-content\/uploads\/2026\/04\/favicon.svg","contentUrl":"https:\/\/evroliving.com\/wp-content\/uploads\/2026\/04\/favicon.svg","width":110,"height":60,"caption":"Evroliving"},"image":{"@id":"https:\/\/evroliving.com\/sq\/#\/schema\/logo\/image\/"}}]}},"jetpack_sharing_enabled":true,"_links":{"self":[{"href":"https:\/\/evroliving.com\/sq\/wp-json\/wp\/v2\/pages\/32915","targetHints":{"allow":["GET"]}}],"collection":[{"href":"https:\/\/evroliving.com\/sq\/wp-json\/wp\/v2\/pages"}],"about":[{"href":"https:\/\/evroliving.com\/sq\/wp-json\/wp\/v2\/types\/page"}],"author":[{"embeddable":true,"href":"https:\/\/evroliving.com\/sq\/wp-json\/wp\/v2\/users\/1"}],"replies":[{"embeddable":true,"href":"https:\/\/evroliving.com\/sq\/wp-json\/wp\/v2\/comments?post=32915"}],"version-history":[{"count":1,"href":"https:\/\/evroliving.com\/sq\/wp-json\/wp\/v2\/pages\/32915\/revisions"}],"predecessor-version":[{"id":32916,"href":"https:\/\/evroliving.com\/sq\/wp-json\/wp\/v2\/pages\/32915\/revisions\/32916"}],"wp:attachment":[{"href":"https:\/\/evroliving.com\/sq\/wp-json\/wp\/v2\/media?parent=32915"}],"curies":[{"name":"wp","href":"https:\/\/api.w.org\/{rel}","templated":true}]}}